{"id":721,"date":"2024-07-26T12:43:53","date_gmt":"2024-07-26T10:43:53","guid":{"rendered":"https:\/\/www.42bit.hu\/?page_id=721"},"modified":"2025-09-07T14:23:24","modified_gmt":"2025-09-07T12:23:24","slug":"legujabb-munkaink","status":"publish","type":"page","link":"https:\/\/42bit.hu\/hu\/legujabb-munkaink\/","title":{"rendered":"Munk\u00e1ink"},"content":{"rendered":"<div class=\"wpb-content-wrapper\"><section data-color=\"light\" class=\"content-section no-spacing\" ><div id=\"recent-works\" class=\"vc_row wpb_row vc_row-fluid portfolio-css\"><div class=\"wpb_column vc_column_container vc_col-sm-12\" id=\"portfolio-css\"><div class=\"vc_column-inner\"><div class=\"wpb_wrapper\">            \n            <ul class=\"works\">\n\t\t\t\t\t\t\t\t<li>\n\t\t\t\t\t<div class=\"wow fadeInUp\">\n\t\t\t\t\n\t\t\t\t\t<h2>LEG\u00daJABB MUNK\u00c1INK<\/h2>\n\t\t\t\t\t\n\t\t\t\t\t\t\n\t\t\t\t\t\n\t\t\t<p>A legfrissebb filmjeinkben egyszerre van jelen a t\u00f6rt\u00e9netmes\u00e9l\u00e9s ereje \u00e9s a l\u00e1tv\u00e1nyos k\u00e9pi vil\u00e1g. Minden projekt\u00fcnk azt mutatja, hogy sz\u00edvvel-l\u00e9lekkel dolgozunk azon, hogy \u00fcgyfeleink a lehet\u0151 legjobb min\u0151s\u00e9get kapj\u00e1k.<\/p>\n\n            \t\t\t\t<\/div>\n\t\t\t\t<\/li>\n\t\t\t\t\t\t\t\n\t\t\t\t\n\t\t\t\t\n                                    <li>\n\t\t\t\t\t\t\n\t\t\t\t\t\t<div class=\"project-box\">\n          \n     \n\t\t\t\t\t\t\n\t\t\t\t\t\t\n\t\t\t\t\t\t\n\t\t\t\t\t\t<figure class=\"project-image reveal-effect masker wow\" >\n\t\t\t\t\t\t\t<a href=\"https:\/\/42bit.hu\/hu\/portfolio\/bibo-budapest\/\" title=\"BIBO BUDAPEST\" data-text=\"BIBO BUDAPEST\">\n\t\t\t\t\t\t\t <img decoding=\"async\" src=\"https:\/\/42bit.hu\/wp-content\/uploads\/2025\/09\/bibo_featured_2.jpg\" alt=\"BIBO BUDAPEST\">\n\t\t\t\t\t\t\t<\/a>\n\t\t\t\t\t\t\t   <\/figure>\n        <div class=\"project-content\">\n\t\t\t \n            <h3><a href=\"https:\/\/42bit.hu\/hu\/portfolio\/bibo-budapest\/\" title=\"BIBO BUDAPEST\" data-text=\"BIBO BUDAPEST\">\n                                            BIBO BUDAPEST                                        <\/a><\/h3>\n\t\t\t\t  \n\t\t\t\t \n                                      \n                                    \n            \n\t\t\t\t  \t\t\t\t<small>Gasztron\u00f3mia, Turizmus, Vend\u00e9gl\u00e1t\u00e1s<\/small> \n\t\t\t\t  \n\t\t\t\t  \n\t\t\t\t  \t\t\t\t\n\t\t\t\t\t\t\t<\/div>\n     \n\t\t\t\t\t\t\n\t\t\t\t\t\t\n\t\t\t\t\t\t   <\/div>\n\t\t\t\t\t\t<!-- end project-box -->\n\t\t\t\t\t\t\n                           \n                           \n                      \n                    <\/li>\n                                    <li>\n\t\t\t\t\t\t\n\t\t\t\t\t\t<div class=\"project-box\">\n          \n     \n\t\t\t\t\t\t\n\t\t\t\t\t\t\n\t\t\t\t\t\t\n\t\t\t\t\t\t<figure class=\"project-image reveal-effect masker wow\" >\n\t\t\t\t\t\t\t<a href=\"https:\/\/42bit.hu\/hu\/portfolio\/sky-health-and-beauty\/\" title=\"SKY HEALTH &#038; BEAUTY\" data-text=\"SKY HEALTH AND BEAUTY\">\n\t\t\t\t\t\t\t <img decoding=\"async\" src=\"https:\/\/42bit.hu\/wp-content\/uploads\/2025\/09\/sky_featured_2.jpg\" alt=\"SKY HEALTH &#038; BEAUTY\">\n\t\t\t\t\t\t\t<\/a>\n\t\t\t\t\t\t\t   <\/figure>\n        <div class=\"project-content\">\n\t\t\t \n            <h3><a href=\"https:\/\/42bit.hu\/hu\/portfolio\/sky-health-and-beauty\/\" title=\"SKY HEALTH &#038; BEAUTY\" data-text=\"SKY HEALTH AND BEAUTY\">\n                                            SKY HEALTH AND BEAUTY                                        <\/a><\/h3>\n\t\t\t\t  \n\t\t\t\t \n                                      \n                                    \n            \n\t\t\t\t  \t\t\t\t<small>Sz\u00e9ps\u00e9g, Eg\u00e9szs\u00e9g, Im\u00e1zs vide\u00f3<\/small> \n\t\t\t\t  \n\t\t\t\t  \n\t\t\t\t  \t\t\t\t\n\t\t\t\t\t\t\t<\/div>\n     \n\t\t\t\t\t\t\n\t\t\t\t\t\t\n\t\t\t\t\t\t   <\/div>\n\t\t\t\t\t\t<!-- end project-box -->\n\t\t\t\t\t\t\n                           \n                           \n                      \n                    <\/li>\n                                    <li>\n\t\t\t\t\t\t\n\t\t\t\t\t\t<div class=\"project-box\">\n          \n     \n\t\t\t\t\t\t\n\t\t\t\t\t\t\n\t\t\t\t\t\t\n\t\t\t\t\t\t<figure class=\"project-image reveal-effect masker wow\" >\n\t\t\t\t\t\t\t<a href=\"https:\/\/42bit.hu\/hu\/portfolio\/xixo-hungary\/\" title=\"ANTON BAR &#038; DELI\" data-text=\"ANTON BAR AND DELI\">\n\t\t\t\t\t\t\t <img decoding=\"async\" src=\"https:\/\/42bit.hu\/wp-content\/uploads\/2020\/03\/anton_image9.jpg\" alt=\"ANTON BAR &#038; DELI\">\n\t\t\t\t\t\t\t<\/a>\n\t\t\t\t\t\t\t   <\/figure>\n        <div class=\"project-content\">\n\t\t\t \n            <h3><a href=\"https:\/\/42bit.hu\/hu\/portfolio\/xixo-hungary\/\" title=\"ANTON BAR &#038; DELI\" data-text=\"ANTON BAR AND DELI\">\n                                            ANTON BAR AND DELI                                        <\/a><\/h3>\n\t\t\t\t  \n\t\t\t\t \n                                      \n                                    \n            \n\t\t\t\t  \t\t\t\t<small>Gasztron\u00f3mia, Portr\u00e9film, Riport, K\u00f6z\u00f6ss\u00e9gi m\u00e9dia<\/small> \n\t\t\t\t  \n\t\t\t\t  \n\t\t\t\t  \t\t\t\t\n\t\t\t\t\t\t\t<\/div>\n     \n\t\t\t\t\t\t\n\t\t\t\t\t\t\n\t\t\t\t\t\t   <\/div>\n\t\t\t\t\t\t<!-- end project-box -->\n\t\t\t\t\t\t\n                           \n                           \n                      \n                    <\/li>\n                                    <li>\n\t\t\t\t\t\t\n\t\t\t\t\t\t<div class=\"project-box\">\n          \n     \n\t\t\t\t\t\t\n\t\t\t\t\t\t\n\t\t\t\t\t\t\n\t\t\t\t\t\t<figure class=\"project-image reveal-effect masker wow\" >\n\t\t\t\t\t\t\t<a href=\"https:\/\/42bit.hu\/hu\/portfolio\/claas-magyarorszag-kft\/\" title=\"CLAAS MAGYARORSZ\u00c1G KFT.\" data-text=\"CLAAS HUNGARY LTD.\">\n\t\t\t\t\t\t\t <img decoding=\"async\" src=\"https:\/\/42bit.hu\/wp-content\/uploads\/2024\/07\/claas_1000.jpg\" alt=\"CLAAS MAGYARORSZ\u00c1G KFT.\">\n\t\t\t\t\t\t\t<\/a>\n\t\t\t\t\t\t\t   <\/figure>\n        <div class=\"project-content\">\n\t\t\t \n            <h3><a href=\"https:\/\/42bit.hu\/hu\/portfolio\/claas-magyarorszag-kft\/\" title=\"CLAAS MAGYARORSZ\u00c1G KFT.\" data-text=\"CLAAS HUNGARY LTD.\">\n                                            CLAAS MAGYARORSZ\u00c1G KFT.                                        <\/a><\/h3>\n\t\t\t\t  \n\t\t\t\t \n                                      \n                                    \n            \n\t\t\t\t  \t\t\t\t<small>V\u00e1llalati vide\u00f3k\u00e9sz\u00edt\u00e9s, HR film, G\u00e9pek, Portr\u00e9film<\/small> \n\t\t\t\t  \n\t\t\t\t  \n\t\t\t\t  \t\t\t\t\n\t\t\t\t\t\t\t<\/div>\n     \n\t\t\t\t\t\t\n\t\t\t\t\t\t\n\t\t\t\t\t\t   <\/div>\n\t\t\t\t\t\t<!-- end project-box -->\n\t\t\t\t\t\t\n                           \n                           \n                      \n                    <\/li>\n                                    <li>\n\t\t\t\t\t\t\n\t\t\t\t\t\t<div class=\"project-box\">\n          \n     \n\t\t\t\t\t\t\n\t\t\t\t\t\t\n\t\t\t\t\t\t\n\t\t\t\t\t\t<figure class=\"project-image reveal-effect masker wow\" >\n\t\t\t\t\t\t\t<a href=\"https:\/\/42bit.hu\/hu\/portfolio\/rolls-royce\/\" title=\"ROLLS ROYCE\" data-text=\"ROLLS ROYCE\">\n\t\t\t\t\t\t\t <img decoding=\"async\" src=\"https:\/\/42bit.hu\/wp-content\/uploads\/2024\/09\/rolls1_1.jpg\" alt=\"ROLLS ROYCE\">\n\t\t\t\t\t\t\t<\/a>\n\t\t\t\t\t\t\t   <\/figure>\n        <div class=\"project-content\">\n\t\t\t \n            <h3><a href=\"https:\/\/42bit.hu\/hu\/portfolio\/rolls-royce\/\" title=\"ROLLS ROYCE\" data-text=\"ROLLS ROYCE\">\n                                            ROLLS ROYCE                                        <\/a><\/h3>\n\t\t\t\t  \n\t\t\t\t \n                                      \n                                    \n            \n\t\t\t\t  \t\t\t\t<small>Akci\u00f3felv\u00e9telek, Aut\u00f3vide\u00f3z\u00e1s, Dr\u00f3nfelv\u00e9telek, Mozg\u00e1sfot\u00f3z\u00e1s, Speci\u00e1lis vil\u00e1g\u00edt\u00e1s<\/small> \n\t\t\t\t  \n\t\t\t\t  \n\t\t\t\t  \t\t\t\t\n\t\t\t\t\t\t\t<\/div>\n     \n\t\t\t\t\t\t\n\t\t\t\t\t\t\n\t\t\t\t\t\t   <\/div>\n\t\t\t\t\t\t<!-- end project-box -->\n\t\t\t\t\t\t\n                           \n                           \n                      \n                    <\/li>\n                                    <li>\n\t\t\t\t\t\t\n\t\t\t\t\t\t<div class=\"project-box\">\n          \n     \n\t\t\t\t\t\t\n\t\t\t\t\t\t\n\t\t\t\t\t\t\n\t\t\t\t\t\t<figure class=\"project-image reveal-effect masker wow\" >\n\t\t\t\t\t\t\t<a href=\"https:\/\/42bit.hu\/hu\/portfolio\/budapest-repuloter\/\" title=\"BUDAPEST REPT\u00c9R\" data-text=\"BUDAPEST AIRPORT\">\n\t\t\t\t\t\t\t <img decoding=\"async\" src=\"https:\/\/42bit.hu\/wp-content\/uploads\/2020\/03\/bud_air_1.jpg\" alt=\"BUDAPEST REPT\u00c9R\">\n\t\t\t\t\t\t\t<\/a>\n\t\t\t\t\t\t\t   <\/figure>\n        <div class=\"project-content\">\n\t\t\t \n            <h3><a href=\"https:\/\/42bit.hu\/hu\/portfolio\/budapest-repuloter\/\" title=\"BUDAPEST REPT\u00c9R\" data-text=\"BUDAPEST AIRPORT\">\n                                            BUDAPEST REPT\u00c9R                                        <\/a><\/h3>\n\t\t\t\t  \n\t\t\t\t \n                                      \n                                    \n            \n\t\t\t\t  \t\t\t\t<small>Rekl\u00e1m, Kiv\u00e1l\u00f3 min\u0151s\u00e9g\u0171 felszerel\u00e9s, K\u00f6z\u00f6ss\u00e9gi m\u00e9dia, Speci\u00e1lis vil\u00e1g\u00edt\u00e1s<\/small> \n\t\t\t\t  \n\t\t\t\t  \n\t\t\t\t  \t\t\t\t\n\t\t\t\t\t\t\t<\/div>\n     \n\t\t\t\t\t\t\n\t\t\t\t\t\t\n\t\t\t\t\t\t   <\/div>\n\t\t\t\t\t\t<!-- end project-box -->\n\t\t\t\t\t\t\n                           \n                           \n                      \n                    <\/li>\n                            <\/ul>\n        <\/div><\/div><\/div><\/div><\/section>\n<\/div>","protected":false},"excerpt":{"rendered":"BUDAPEST AIRPORT Seasonal advertising materials and social media videos. CASE STUDY Our filming project at Budapest Airport, featuring two energetic young individuals exploring the various shops and services. The dynamic duo shopped in different stores, highlighting the vibrant retail offerings available. This project showcased the airport\u2019s diverse commercial environment, enhancing its appeal to both local [...]","protected":false},"author":1,"featured_media":0,"parent":0,"menu_order":0,"comment_status":"closed","ping_status":"closed","template":"","meta":{"_seopress_robots_primary_cat":"","_seopress_titles_title":"","_seopress_titles_desc":"","_seopress_robots_index":"","footnotes":""},"class_list":["post-721","page","type-page","status-publish","hentry"],"acf":[],"_links":{"self":[{"href":"https:\/\/42bit.hu\/hu\/wp-json\/wp\/v2\/pages\/721","targetHints":{"allow":["GET"]}}],"collection":[{"href":"https:\/\/42bit.hu\/hu\/wp-json\/wp\/v2\/pages"}],"about":[{"href":"https:\/\/42bit.hu\/hu\/wp-json\/wp\/v2\/types\/page"}],"author":[{"embeddable":true,"href":"https:\/\/42bit.hu\/hu\/wp-json\/wp\/v2\/users\/1"}],"replies":[{"embeddable":true,"href":"https:\/\/42bit.hu\/hu\/wp-json\/wp\/v2\/comments?post=721"}],"version-history":[{"count":0,"href":"https:\/\/42bit.hu\/hu\/wp-json\/wp\/v2\/pages\/721\/revisions"}],"wp:attachment":[{"href":"https:\/\/42bit.hu\/hu\/wp-json\/wp\/v2\/media?parent=721"}],"curies":[{"name":"wp","href":"https:\/\/api.w.org\/{rel}","templated":true}]}}