{"id":289,"date":"2020-03-13T09:20:39","date_gmt":"2020-03-13T09:20:39","guid":{"rendered":"http:\/\/agensy.themezinho.net\/?page_id=41"},"modified":"2025-09-12T12:02:17","modified_gmt":"2025-09-12T10:02:17","slug":"kapcsolat","status":"publish","type":"page","link":"https:\/\/42bit.hu\/hu\/kapcsolat\/","title":{"rendered":"Kapcsolat"},"content":{"rendered":"<div class=\"wpb-content-wrapper\"><section data-color=\"light\" class=\"content-section no-spacing\" ><div class=\"container\"><div data-vc-full-width=\"true\" data-vc-full-width-init=\"false\" data-vc-stretch-content=\"true\" class=\"vc_row wpb_row vc_row-fluid grab vc_row-no-padding\"><div class=\"wpb_column vc_column_container vc_col-sm-12 vc_col-xs-12\"><div class=\"vc_column-inner\"><div class=\"wpb_wrapper\">\n\t<div  class=\"wpb_single_image wpb_content_element vc_align_left wpb_content_element  bw-to-color contact-image\">\n\t\t\n\t\t<figure class=\"wpb_wrapper vc_figure\">\n\t\t\t<div class=\"vc_single_image-wrapper   vc_box_border_grey\"><img loading=\"lazy\" decoding=\"async\" width=\"1428\" height=\"928\" src=\"https:\/\/42bit.hu\/wp-content\/uploads\/2024\/09\/contact-header_image.jpg\" class=\"vc_single_image-img attachment-full\" alt=\"\" title=\"contact header_image\" srcset=\"https:\/\/42bit.hu\/wp-content\/uploads\/2024\/09\/contact-header_image.jpg 1428w, https:\/\/42bit.hu\/wp-content\/uploads\/2024\/09\/contact-header_image-300x195.jpg 300w, https:\/\/42bit.hu\/wp-content\/uploads\/2024\/09\/contact-header_image-1024x665.jpg 1024w, https:\/\/42bit.hu\/wp-content\/uploads\/2024\/09\/contact-header_image-768x499.jpg 768w, https:\/\/42bit.hu\/wp-content\/uploads\/2024\/09\/contact-header_image-862x560.jpg 862w\" sizes=\"auto, (max-width: 1428px) 100vw, 1428px\" \/><\/div>\n\t\t<\/figure>\n\t<\/div>\n\n\t<div class=\"wpb_text_column wpb_content_element\" >\n\t\t<div class=\"wpb_wrapper\">\n\t\t\t<p class=\"p1\">Hisz\u00fcnk a folyamatos fejl\u0151d\u00e9sben \u00e9s tanul\u00e1sban, \u00e9s kezdett\u0151l fogva \u0151szinte szenved\u00e9llyel \u00e9s lelkesed\u00e9ssel k\u00e9sz\u00edtj\u00fck filmjeinket, \u00fcgyfeleink legnagyobb \u00f6r\u00f6m\u00e9re.<\/p>\n<p><strong>A 42BIT k\u00f6zepes m\u00e9ret\u0171 forgat\u00e1sokra specializ\u00e1l\u00f3dva, a filmes t\u00f6rt\u00e9netmes\u00e9l\u00e9s \u00e9s a legmodernebb technol\u00f3gia t\u00f6k\u00e9letes harm\u00f3ni\u00e1j\u00e1val val\u00f3s\u00edtja meg az \u00d6n v\u00edzi\u00f3j\u00e1t.<\/strong><\/p>\n<p class=\"p1\">Csapatunk kiemelkedik a vide\u00f3szerkeszt\u00e9sben, z\u00f6kken\u0151mentes \u00e9s mag\u00e1val ragad\u00f3 t\u00f6rt\u00e9neteket alkot, valamint professzion\u00e1lis dr\u00f3nfelv\u00e9telekkel leny\u0171g\u00f6z\u0151 l\u00e9gi k\u00e9peket k\u00e9sz\u00edt, amelyek \u00faj magass\u00e1gokba emelik az \u00d6n projektj\u00e9t.<\/p>\n<p class=\"p1\">Hisz\u00fcnk abban, hogy a kreat\u00edv folyamat egy k\u00f6z\u00f6s utaz\u00e1s, az \u00f6tlett\u0151l a v\u00e9gs\u0151 v\u00e1ltozatig, amely sor\u00e1n az \u00d6n elk\u00e9pzel\u00e9sei leny\u0171g\u00f6z\u0151 vizu\u00e1lis \u00e9lm\u00e9nyekk\u00e9 form\u00e1l\u00f3dnak, mag\u00e1val ragadva a k\u00f6z\u00f6ns\u00e9get.<\/p>\n<p><strong>Mi\u00e9rt f\u00e1radozunk? Mert a min\u0151s\u00e9gi munka mindig jobb eredm\u00e9nyeket hoz kereskedelmileg, t\u00e1rsadalmilag \u00e9s kultur\u00e1lisan egyar\u00e1nt. \u00cdgy, ha valami meg\u00e9ri a f\u00e1rads\u00e1got, azt mindenk\u00e9ppen \u00e9rdemes j\u00f3l csin\u00e1lni.<\/strong><\/p>\n\n\t\t<\/div>\n\t<\/div>\n<\/div><\/div><\/div><\/div><div class=\"vc_row-full-width vc_clearfix\"><\/div><\/div><\/section><section data-color=\"dark\" class=\"content-section no-spacing\" ><div class=\"container\"><div class=\"vc_row wpb_row vc_row-fluid\"><div class=\"wpb_column vc_column_container vc_col-sm-12\"><div class=\"vc_column-inner\"><div class=\"wpb_wrapper\"><div class=\"vc_row wpb_row vc_inner vc_row-fluid\"><div class=\"wpb_column vc_column_container vc_col-sm-12 vc_col-md-7\"><div class=\"vc_column-inner\"><div class=\"wpb_wrapper\">\n<div class=\"wpcf7 no-js\" id=\"wpcf7-f44-o1\" lang=\"en-US\" dir=\"ltr\" data-wpcf7-id=\"44\">\n<div class=\"screen-reader-response\"><p role=\"status\" aria-live=\"polite\" aria-atomic=\"true\"><\/p> <ul><\/ul><\/div>\n<form action=\"\/hu\/wp-json\/wp\/v2\/pages\/289#wpcf7-f44-o1\" method=\"post\" class=\"wpcf7-form init\" aria-label=\"Contact form\" novalidate=\"novalidate\" data-status=\"init\" data-trp-original-action=\"\/hu\/wp-json\/wp\/v2\/pages\/289#wpcf7-f44-o1\">\n<div style=\"display: none;\">\n<input type=\"hidden\" name=\"_wpcf7\" value=\"44\" \/>\n<input type=\"hidden\" name=\"_wpcf7_version\" value=\"6.0.3\" \/>\n<input type=\"hidden\" name=\"_wpcf7_locale\" value=\"en_US\" \/>\n<input type=\"hidden\" name=\"_wpcf7_unit_tag\" value=\"wpcf7-f44-o1\" \/>\n<input type=\"hidden\" name=\"_wpcf7_container_post\" value=\"0\" \/>\n<input type=\"hidden\" name=\"_wpcf7_posted_data_hash\" value=\"\" \/>\n<input type=\"hidden\" name=\"_wpcf7_recaptcha_response\" value=\"\" \/>\n<\/div>\n<h5>L\u00c9PJ VEL\u00dcNK KAPCSOLATBA\n<\/h5>\n<p><label> N\u00e9v (k\u00f6telez\u0151)<br \/>\n<span class=\"wpcf7-form-control-wrap\" data-name=\"your-name\"><input size=\"40\" maxlength=\"400\" class=\"wpcf7-form-control wpcf7-text wpcf7-validates-as-required\" aria-required=\"true\" aria-invalid=\"false\" value=\"\" type=\"text\" name=\"your-name\" \/><\/span> <\/label>\n<\/p>\n<p><label> E-mail (k\u00f6telez\u0151)<br \/>\n<span class=\"wpcf7-form-control-wrap\" data-name=\"your-email\"><input size=\"40\" maxlength=\"400\" class=\"wpcf7-form-control wpcf7-email wpcf7-validates-as-required wpcf7-text wpcf7-validates-as-email\" aria-required=\"true\" aria-invalid=\"false\" value=\"\" type=\"email\" name=\"your-email\" \/><\/span> <\/label>\n<\/p>\n<p><label> T\u00e1rgy<br \/>\n<span class=\"wpcf7-form-control-wrap\" data-name=\"your-subject\"><input size=\"40\" maxlength=\"400\" class=\"wpcf7-form-control wpcf7-text\" aria-invalid=\"false\" value=\"\" type=\"text\" name=\"your-subject\" \/><\/span> <\/label>\n<\/p>\n<p><label> \u00dczenet<br \/>\n<span class=\"wpcf7-form-control-wrap\" data-name=\"your-message\"><textarea cols=\"40\" rows=\"10\" maxlength=\"2000\" class=\"wpcf7-form-control wpcf7-textarea\" aria-invalid=\"false\" name=\"your-message\"><\/textarea><\/span> <\/label>\n<\/p>\n<p><button id=\"submit\" type=\"submit\" name=\"submit\"><br \/>\n<strong>Elk\u00fcld\u00f6m<b><\/b> <i><\/i><\/strong><br \/>\n<\/button>\n<\/p><div class=\"wpcf7-response-output\" aria-hidden=\"true\"><\/div>\n<input type=\"hidden\" name=\"trp-form-language\" value=\"hu\"\/><\/form>\n<\/div>\n<\/div><\/div><\/div><\/div><div class=\"vc_row wpb_row vc_inner vc_row-fluid vc_custom_1723711170346\"><div class=\"wpb_column vc_column_container vc_col-sm-12\"><div class=\"vc_column-inner\"><div class=\"wpb_wrapper\"><div class=\"vc_separator wpb_content_element vc_separator_align_center vc_sep_width_100 vc_sep_pos_align_center vc_separator_no_text vc_sep_color_grey vc_custom_1723711080535 wpb_content_element  vc_custom_1723711080535 wpb_content_element\" ><span class=\"vc_sep_holder vc_sep_holder_l\"><span class=\"vc_sep_line\"><\/span><\/span><span class=\"vc_sep_holder vc_sep_holder_r\"><span class=\"vc_sep_line\"><\/span><\/span>\n<\/div><\/div><\/div><\/div><\/div>\n\t<div class=\"wpb_raw_code wpb_raw_js hidden-tag\" >\n\t\t<div class=\"wpb_wrapper\">\n\t\t\t<script type=\"text\/javascript\">\ndocument.addEventListener( 'wpcf7mailsent', function( event ) {\n    \/\/ Ellen\u0151rzi, hogy a magyar oldalon vagyunk-e\n    if (window.location.pathname.includes('\/hu\/')) {\n        window.location.href = 'https:\/\/42bit.hu\/hu\/thank-you-page';\n    } else {\n        window.location.href = 'https:\/\/42bit.hu\/thank-you-page';\n    }\n}, false );\n<\/script>\n\t\t<\/div>\n\t<\/div>\n<\/div><\/div><\/div><\/div><\/div><\/section>\n<\/div>","protected":false},"excerpt":{"rendered":"We believe in continuous development and learning, and from the beginning we make our films with sincere passion and enthusiasm to the delight of our customers. Specializing in mid-range productions at 42BIT, we bring your vision to life with a perfect balance of cinematic storytelling and cutting-edge technology. Our team excels in video editing, crafting, [...]","protected":false},"author":1,"featured_media":0,"parent":0,"menu_order":0,"comment_status":"closed","ping_status":"closed","template":"page-builder.php","meta":{"_seopress_robots_primary_cat":"","_seopress_titles_title":"","_seopress_titles_desc":"","_seopress_robots_index":"","footnotes":""},"class_list":["post-289","page","type-page","status-publish","hentry"],"acf":[],"_links":{"self":[{"href":"https:\/\/42bit.hu\/hu\/wp-json\/wp\/v2\/pages\/289","targetHints":{"allow":["GET"]}}],"collection":[{"href":"https:\/\/42bit.hu\/hu\/wp-json\/wp\/v2\/pages"}],"about":[{"href":"https:\/\/42bit.hu\/hu\/wp-json\/wp\/v2\/types\/page"}],"author":[{"embeddable":true,"href":"https:\/\/42bit.hu\/hu\/wp-json\/wp\/v2\/users\/1"}],"replies":[{"embeddable":true,"href":"https:\/\/42bit.hu\/hu\/wp-json\/wp\/v2\/comments?post=289"}],"version-history":[{"count":0,"href":"https:\/\/42bit.hu\/hu\/wp-json\/wp\/v2\/pages\/289\/revisions"}],"wp:attachment":[{"href":"https:\/\/42bit.hu\/hu\/wp-json\/wp\/v2\/media?parent=289"}],"curies":[{"name":"wp","href":"https:\/\/api.w.org\/{rel}","templated":true}]}}